{"id":125,"date":"2020-07-24T12:23:40","date_gmt":"2020-07-24T17:23:40","guid":{"rendered":"https:\/\/vinetconsulting.com\/principal\/?post_type=product&#038;p=125"},"modified":"2023-06-28T01:02:06","modified_gmt":"2023-06-28T06:02:06","slug":"hosting-pro","status":"publish","type":"product","link":"https:\/\/clon.vinetconsulting.com\/index.php\/product\/hosting-pro\/","title":{"rendered":"Hosting Pro"},"content":{"rendered":"","protected":false},"excerpt":{"rendered":"<ul>\n<li>Ideal para empresas peque\u00f1as con buen flujo de informaci\u00f3n o en crecimiento. Podr\u00e1s generar los correos que necesites utilizando todo el espacio disponible. Podr\u00e1s alojar hasta 3 dominios bajo la misma cuenta, con la misma seguridad y calidad. El primer dominio (*.com) lo incluimos gratis! Y si requieres m\u00e1s espacio u otras caracter\u00edsticas&#8230; cont\u00e1ctenos!<\/li>\n<\/ul>\n","protected":false},"featured_media":379,"comment_status":"open","ping_status":"closed","template":"","meta":[],"class_list":["post-125","product","type-product","status-publish","has-post-thumbnail","hentry","product_cat-hosting","align-left","box-shadow-0","box-shadow-0-hover","ast-product-gallery-layout-horizontal","ast-product-gallery-with-no-image","ast-product-tabs-layout-horizontal"],"_links":{"self":[{"href":"https:\/\/clon.vinetconsulting.com\/index.php\/wp-json\/wp\/v2\/product\/125","targetHints":{"allow":["GET"]}}],"collection":[{"href":"https:\/\/clon.vinetconsulting.com\/index.php\/wp-json\/wp\/v2\/product"}],"about":[{"href":"https:\/\/clon.vinetconsulting.com\/index.php\/wp-json\/wp\/v2\/types\/product"}],"replies":[{"embeddable":true,"href":"https:\/\/clon.vinetconsulting.com\/index.php\/wp-json\/wp\/v2\/comments?post=125"}],"wp:featuredmedia":[{"embeddable":true,"href":"https:\/\/clon.vinetconsulting.com\/index.php\/wp-json\/wp\/v2\/media\/379"}],"wp:attachment":[{"href":"https:\/\/clon.vinetconsulting.com\/index.php\/wp-json\/wp\/v2\/media?parent=125"}],"curies":[{"name":"wp","href":"https:\/\/api.w.org\/{rel}","templated":true}]}}