{"id":123,"date":"2020-07-24T12:17:26","date_gmt":"2020-07-24T17:17:26","guid":{"rendered":"https:\/\/vinetconsulting.com\/principal\/?post_type=product&#038;p=123"},"modified":"2022-12-18T15:02:06","modified_gmt":"2022-12-18T20:02:06","slug":"hosting-junior","status":"publish","type":"product","link":"https:\/\/clon.vinetconsulting.com\/index.php\/product\/hosting-junior\/","title":{"rendered":"Hosting Junior"},"content":{"rendered":"","protected":false},"excerpt":{"rendered":"<ul>\n<li>Ideal para empresas peque\u00f1as o tiendas virtuales. Tendr\u00e1 los recursos suficientes para conectar su negocio al mundo. Tendr\u00e1s acceso a las herramientas para poner tu negocio en marcha. Y si requieres m\u00e1s espacio u otras caracter\u00edsticas&#8230; cont\u00e1ctenos!<\/li>\n<\/ul>\n","protected":false},"featured_media":378,"comment_status":"open","ping_status":"closed","template":"","meta":[],"class_list":["post-123","product","type-product","status-publish","has-post-thumbnail","hentry","product_cat-hosting","align-left","box-shadow-0","box-shadow-0-hover","ast-product-gallery-layout-horizontal","ast-product-gallery-with-no-image","ast-product-tabs-layout-horizontal"],"_links":{"self":[{"href":"https:\/\/clon.vinetconsulting.com\/index.php\/wp-json\/wp\/v2\/product\/123","targetHints":{"allow":["GET"]}}],"collection":[{"href":"https:\/\/clon.vinetconsulting.com\/index.php\/wp-json\/wp\/v2\/product"}],"about":[{"href":"https:\/\/clon.vinetconsulting.com\/index.php\/wp-json\/wp\/v2\/types\/product"}],"replies":[{"embeddable":true,"href":"https:\/\/clon.vinetconsulting.com\/index.php\/wp-json\/wp\/v2\/comments?post=123"}],"wp:featuredmedia":[{"embeddable":true,"href":"https:\/\/clon.vinetconsulting.com\/index.php\/wp-json\/wp\/v2\/media\/378"}],"wp:attachment":[{"href":"https:\/\/clon.vinetconsulting.com\/index.php\/wp-json\/wp\/v2\/media?parent=123"}],"curies":[{"name":"wp","href":"https:\/\/api.w.org\/{rel}","templated":true}]}}