{"id":121,"date":"2020-07-24T08:30:30","date_gmt":"2020-07-24T13:30:30","guid":{"rendered":"https:\/\/vinetconsulting.com\/principal\/?post_type=product&#038;p=121"},"modified":"2023-07-11T03:01:44","modified_gmt":"2023-07-11T08:01:44","slug":"hosting-basico","status":"publish","type":"product","link":"https:\/\/clon.vinetconsulting.com\/index.php\/product\/hosting-basico\/","title":{"rendered":"Hosting B\u00e1sico"},"content":{"rendered":"","protected":false},"excerpt":{"rendered":"<ul>\n<li>Ideal para personas que reci\u00e9n empiezan a conectarse al mundo, bloggeros y negocios peque\u00f1os, que s\u00f3lo necesiten un espacio para su sitio web. Todos nuestros planes son escalables, es decir, cuando lo necesite podr\u00e1 aumentar su plan. Y si requieres m\u00e1s espacio u otras caracter\u00edsticas&#8230; cont\u00e1ctenos!<\/li>\n<\/ul>\n<p>&nbsp;<\/p>\n","protected":false},"featured_media":377,"comment_status":"open","ping_status":"closed","template":"","meta":[],"class_list":["post-121","product","type-product","status-publish","has-post-thumbnail","hentry","product_cat-hosting","align-left","box-shadow-0","box-shadow-0-hover","ast-product-gallery-layout-horizontal","ast-product-gallery-with-no-image","ast-product-tabs-layout-horizontal"],"_links":{"self":[{"href":"https:\/\/clon.vinetconsulting.com\/index.php\/wp-json\/wp\/v2\/product\/121","targetHints":{"allow":["GET"]}}],"collection":[{"href":"https:\/\/clon.vinetconsulting.com\/index.php\/wp-json\/wp\/v2\/product"}],"about":[{"href":"https:\/\/clon.vinetconsulting.com\/index.php\/wp-json\/wp\/v2\/types\/product"}],"replies":[{"embeddable":true,"href":"https:\/\/clon.vinetconsulting.com\/index.php\/wp-json\/wp\/v2\/comments?post=121"}],"wp:featuredmedia":[{"embeddable":true,"href":"https:\/\/clon.vinetconsulting.com\/index.php\/wp-json\/wp\/v2\/media\/377"}],"wp:attachment":[{"href":"https:\/\/clon.vinetconsulting.com\/index.php\/wp-json\/wp\/v2\/media?parent=121"}],"curies":[{"name":"wp","href":"https:\/\/api.w.org\/{rel}","templated":true}]}}