{"id":132,"date":"2020-07-24T12:49:41","date_gmt":"2020-07-24T17:49:41","guid":{"rendered":"https:\/\/vinetconsulting.com\/principal\/?page_id=132"},"modified":"2020-11-09T07:26:54","modified_gmt":"2020-11-09T12:26:54","slug":"quienes-somos-hosting","status":"publish","type":"page","link":"https:\/\/clon.vinetconsulting.com\/index.php\/quienes-somos-hosting\/","title":{"rendered":"Qui\u00e9nes somos &#8211; Hosting"},"content":{"rendered":"\t\t<div data-elementor-type=\"wp-page\" data-elementor-id=\"132\" class=\"elementor elementor-132\" data-elementor-settings=\"[]\">\n\t\t\t\t\t\t<div class=\"elementor-inner\">\n\t\t\t\t\t\t\t<div class=\"elementor-section-wrap\">\n\t\t\t\t\t\t\t<section class=\"elementor-section elementor-top-section elementor-element elementor-element-329a7e3a elementor-section-full_width elementor-section-content-middle elementor-section-height-default elementor-section-height-default\" data-id=\"329a7e3a\" data-element_type=\"section\" data-settings=\"{&quot;background_background&quot;:&quot;classic&quot;,&quot;sticky&quot;:&quot;top&quot;,&quot;sticky_on&quot;:[&quot;desktop&quot;,&quot;tablet&quot;,&quot;mobile&quot;],&quot;sticky_offset&quot;:0,&quot;sticky_effects_offset&quot;:0}\">\n\t\t\t\t\t\t<div class=\"elementor-container elementor-column-gap-no\">\n\t\t\t\t\t\t\t<div class=\"elementor-row\">\n\t\t\t\t\t<div class=\"elementor-column elementor-col-33 elementor-top-column elementor-element elementor-element-69719221\" data-id=\"69719221\" data-element_type=\"column\">\n\t\t\t<div class=\"elementor-column-wrap elementor-element-populated\">\n\t\t\t\t\t\t\t<div class=\"elementor-widget-wrap\">\n\t\t\t\t\t\t<div class=\"elementor-element elementor-element-33ccb284 elementor-widget elementor-widget-image\" data-id=\"33ccb284\" data-element_type=\"widget\" data-widget_type=\"image.default\">\n\t\t\t\t<div class=\"elementor-widget-container\">\n\t\t\t\t\t\t\t\t<div class=\"elementor-image\">\n\t\t\t\t\t\t\t\t\t\t\t\t<img loading=\"lazy\" decoding=\"async\" width=\"244\" height=\"150\" src=\"https:\/\/clon.vinetconsulting.com\/wp-content\/uploads\/2020\/06\/logoArtboard-1@0.5x.png\" class=\"attachment-large size-large\" alt=\"\" \/>\t\t\t\t\t\t\t\t\t\t\t\t\t\t<\/div>\n\t\t\t\t\t\t<\/div>\n\t\t\t\t<\/div>\n\t\t\t\t\t\t<\/div>\n\t\t\t\t\t<\/div>\n\t\t<\/div>\n\t\t\t\t<div class=\"elementor-column elementor-col-66 elementor-top-column elementor-element elementor-element-20ea8e5c\" data-id=\"20ea8e5c\" data-element_type=\"column\">\n\t\t\t<div class=\"elementor-column-wrap elementor-element-populated\">\n\t\t\t\t\t\t\t<div class=\"elementor-widget-wrap\">\n\t\t\t\t\t\t<div class=\"elementor-element elementor-element-71fa3d2c elementor-nav-menu__align-right elementor-nav-menu--indicator-classic elementor-nav-menu--dropdown-tablet elementor-nav-menu__text-align-aside elementor-nav-menu--toggle elementor-nav-menu--burger elementor-widget elementor-widget-nav-menu\" data-id=\"71fa3d2c\" data-element_type=\"widget\" data-settings=\"{&quot;layout&quot;:&quot;horizontal&quot;,&quot;toggle&quot;:&quot;burger&quot;}\" data-widget_type=\"nav-menu.default\">\n\t\t\t\t<div class=\"elementor-widget-container\">\n\t\t\t\t\t\t<nav role=\"navigation\" class=\"elementor-nav-menu--main elementor-nav-menu__container elementor-nav-menu--layout-horizontal e--pointer-underline e--animation-fade\"><ul id=\"menu-1-71fa3d2c\" class=\"elementor-nav-menu\"><li class=\"menu-item menu-item-type-post_type menu-item-object-page menu-item-home menu-item-97\"><a href=\"https:\/\/clon.vinetconsulting.com\/\" class=\"elementor-item menu-link\">Inicio<\/a><\/li>\n<li class=\"menu-item menu-item-type-post_type menu-item-object-page menu-item-106\"><a href=\"https:\/\/clon.vinetconsulting.com\/index.php\/mi-cuenta\/\" class=\"elementor-item menu-link\">Mi cuenta<\/a><\/li>\n<li class=\"menu-item menu-item-type-custom menu-item-object-custom menu-item-437\"><a href=\"https:\/\/cursos.vinetconsulting.com\/\" class=\"elementor-item menu-link\">Cursos y Seminarios<\/a><\/li>\n<li class=\"menu-item menu-item-type-post_type menu-item-object-page menu-item-107\"><a href=\"https:\/\/clon.vinetconsulting.com\/index.php\/tienda\/\" class=\"elementor-item menu-link\">Tienda<\/a><\/li>\n<li class=\"menu-item menu-item-type-post_type menu-item-object-page menu-item-has-children menu-item-374\"><a href=\"https:\/\/clon.vinetconsulting.com\/index.php\/quienes-somos\/\" class=\"elementor-item menu-link\">Qui\u00e9nes Somos<\/a>\n<ul class=\"sub-menu elementor-nav-menu--dropdown\">\n\t<li class=\"menu-item menu-item-type-post_type menu-item-object-page menu-item-295\"><a href=\"https:\/\/clon.vinetconsulting.com\/index.php\/quienes-somos-hosting\/\" class=\"elementor-sub-item menu-link\">Qui\u00e9nes somos \u2013 Hosting<\/a><\/li>\n<\/ul>\n<\/li>\n<li class=\"menu-item menu-item-type-post_type menu-item-object-page menu-item-98\"><a href=\"https:\/\/clon.vinetconsulting.com\/index.php\/contactenos\/\" class=\"elementor-item menu-link\">Cont\u00e1ctenos<\/a><\/li>\n<\/ul><\/nav>\n\t\t\t\t\t<div class=\"elementor-menu-toggle\" role=\"button\" tabindex=\"0\" aria-label=\"Menu Toggle\" aria-expanded=\"false\">\n\t\t\t<i class=\"eicon-menu-bar\" aria-hidden=\"true\"><\/i>\n\t\t\t<span class=\"elementor-screen-only\">Menu<\/span>\n\t\t<\/div>\n\t\t\t<nav class=\"elementor-nav-menu--dropdown elementor-nav-menu__container\" role=\"navigation\" aria-hidden=\"true\"><ul id=\"menu-2-71fa3d2c\" class=\"elementor-nav-menu\"><li class=\"menu-item menu-item-type-post_type menu-item-object-page menu-item-home menu-item-97\"><a href=\"https:\/\/clon.vinetconsulting.com\/\" class=\"elementor-item menu-link\">Inicio<\/a><\/li>\n<li class=\"menu-item menu-item-type-post_type menu-item-object-page menu-item-106\"><a href=\"https:\/\/clon.vinetconsulting.com\/index.php\/mi-cuenta\/\" class=\"elementor-item menu-link\">Mi cuenta<\/a><\/li>\n<li class=\"menu-item menu-item-type-custom menu-item-object-custom menu-item-437\"><a href=\"https:\/\/cursos.vinetconsulting.com\/\" class=\"elementor-item menu-link\">Cursos y Seminarios<\/a><\/li>\n<li class=\"menu-item menu-item-type-post_type menu-item-object-page menu-item-107\"><a href=\"https:\/\/clon.vinetconsulting.com\/index.php\/tienda\/\" class=\"elementor-item menu-link\">Tienda<\/a><\/li>\n<li class=\"menu-item menu-item-type-post_type menu-item-object-page menu-item-has-children menu-item-374\"><a href=\"https:\/\/clon.vinetconsulting.com\/index.php\/quienes-somos\/\" class=\"elementor-item menu-link\">Qui\u00e9nes Somos<\/a>\n<ul class=\"sub-menu elementor-nav-menu--dropdown\">\n\t<li class=\"menu-item menu-item-type-post_type menu-item-object-page menu-item-295\"><a href=\"https:\/\/clon.vinetconsulting.com\/index.php\/quienes-somos-hosting\/\" class=\"elementor-sub-item menu-link\">Qui\u00e9nes somos \u2013 Hosting<\/a><\/li>\n<\/ul>\n<\/li>\n<li class=\"menu-item menu-item-type-post_type menu-item-object-page menu-item-98\"><a href=\"https:\/\/clon.vinetconsulting.com\/index.php\/contactenos\/\" class=\"elementor-item menu-link\">Cont\u00e1ctenos<\/a><\/li>\n<\/ul><\/nav>\n\t\t\t\t<\/div>\n\t\t\t\t<\/div>\n\t\t\t\t\t\t<\/div>\n\t\t\t\t\t<\/div>\n\t\t<\/div>\n\t\t\t\t\t\t\t\t<\/div>\n\t\t\t\t\t<\/div>\n\t\t<\/section>\n\t\t\t\t<section class=\"elementor-section elementor-top-section elementor-element elementor-element-1ccc62b1 elementor-section-height-min-height elementor-section-content-middle elementor-section-full_width elementor-section-height-default elementor-section-items-middle\" data-id=\"1ccc62b1\" data-element_type=\"section\" data-settings=\"{&quot;background_background&quot;:&quot;classic&quot;}\">\n\t\t\t\t\t\t<div class=\"elementor-container elementor-column-gap-default\">\n\t\t\t\t\t\t\t<div class=\"elementor-row\">\n\t\t\t\t\t<div class=\"elementor-column elementor-col-50 elementor-top-column elementor-element elementor-element-48dbcb2d\" data-id=\"48dbcb2d\" data-element_type=\"column\">\n\t\t\t<div class=\"elementor-column-wrap elementor-element-populated\">\n\t\t\t\t\t\t\t<div class=\"elementor-widget-wrap\">\n\t\t\t\t\t\t<div class=\"elementor-element elementor-element-1ccbcab2 elementor-icon-list--layout-inline elementor-mobile-align-center elementor-hidden-phone elementor-list-item-link-full_width elementor-widget elementor-widget-icon-list\" data-id=\"1ccbcab2\" data-element_type=\"widget\" data-widget_type=\"icon-list.default\">\n\t\t\t\t<div class=\"elementor-widget-container\">\n\t\t\t\t\t<ul class=\"elementor-icon-list-items elementor-inline-items\">\n\t\t\t\t\t\t\t<li class=\"elementor-icon-list-item elementor-inline-item\">\n\t\t\t\t\t\t\t\t\t\t\t<span class=\"elementor-icon-list-icon\">\n\t\t\t\t\t\t\t<i aria-hidden=\"true\" class=\"fas fa-phone\"><\/i>\t\t\t\t\t\t<\/span>\n\t\t\t\t\t\t\t\t\t\t<span class=\"elementor-icon-list-text\">+51 984 806 165<\/span>\n\t\t\t\t\t\t\t\t\t<\/li>\n\t\t\t\t\t\t\t\t<li class=\"elementor-icon-list-item elementor-inline-item\">\n\t\t\t\t\t\t\t\t\t\t\t<span class=\"elementor-icon-list-icon\">\n\t\t\t\t\t\t\t<i aria-hidden=\"true\" class=\"far fa-envelope\"><\/i>\t\t\t\t\t\t<\/span>\n\t\t\t\t\t\t\t\t\t\t<span class=\"elementor-icon-list-text\">ventas@vinetconsulting.com<\/span>\n\t\t\t\t\t\t\t\t\t<\/li>\n\t\t\t\t\t\t<\/ul>\n\t\t\t\t<\/div>\n\t\t\t\t<\/div>\n\t\t\t\t\t\t<\/div>\n\t\t\t\t\t<\/div>\n\t\t<\/div>\n\t\t\t\t<div class=\"elementor-column elementor-col-50 elementor-top-column elementor-element elementor-element-1519e65e\" data-id=\"1519e65e\" data-element_type=\"column\">\n\t\t\t<div class=\"elementor-column-wrap elementor-element-populated\">\n\t\t\t\t\t\t\t<div class=\"elementor-widget-wrap\">\n\t\t\t\t\t\t<div class=\"elementor-element elementor-element-64b95f0a e-grid-align-right e-grid-align-center elementor-shape-rounded elementor-grid-0 elementor-widget elementor-widget-social-icons\" data-id=\"64b95f0a\" data-element_type=\"widget\" data-widget_type=\"social-icons.default\">\n\t\t\t\t<div class=\"elementor-widget-container\">\n\t\t\t\t\t<div class=\"elementor-social-icons-wrapper elementor-grid\">\n\t\t\t\t\t\t\t<div class=\"elementor-grid-item\">\n\t\t\t\t\t<a class=\"elementor-icon elementor-social-icon elementor-social-icon-facebook-f elementor-repeater-item-5646027\" href=\"https:\/\/www.facebook.com\/vinetconsultores\" target=\"_blank\">\n\t\t\t\t\t\t<span class=\"elementor-screen-only\">Facebook-f<\/span>\n\t\t\t\t\t\t<i class=\"fab fa-facebook-f\"><\/i>\t\t\t\t\t<\/a>\n\t\t\t\t<\/div>\n\t\t\t\t\t\t\t<div class=\"elementor-grid-item\">\n\t\t\t\t\t<a class=\"elementor-icon elementor-social-icon elementor-social-icon-instagram elementor-repeater-item-7c2bcc0\" href=\"https:\/\/www.instagram.com\/vinet.consultores.ti\/\" target=\"_blank\">\n\t\t\t\t\t\t<span class=\"elementor-screen-only\">Instagram<\/span>\n\t\t\t\t\t\t<i class=\"fab fa-instagram\"><\/i>\t\t\t\t\t<\/a>\n\t\t\t\t<\/div>\n\t\t\t\t\t\t\t<div class=\"elementor-grid-item\">\n\t\t\t\t\t<a class=\"elementor-icon elementor-social-icon elementor-social-icon-whatsapp elementor-repeater-item-7d220ff\" target=\"_blank\">\n\t\t\t\t\t\t<span class=\"elementor-screen-only\">Whatsapp<\/span>\n\t\t\t\t\t\t<i class=\"fab fa-whatsapp\"><\/i>\t\t\t\t\t<\/a>\n\t\t\t\t<\/div>\n\t\t\t\t\t<\/div>\n\t\t\t\t<\/div>\n\t\t\t\t<\/div>\n\t\t\t\t\t\t<\/div>\n\t\t\t\t\t<\/div>\n\t\t<\/div>\n\t\t\t\t\t\t\t\t<\/div>\n\t\t\t\t\t<\/div>\n\t\t<\/section>\n\t\t\t\t<section class=\"elementor-section elementor-top-section elementor-element elementor-element-2c5fb57 elementor-section-full_width elementor-section-height-default elementor-section-height-default\" data-id=\"2c5fb57\" data-element_type=\"section\">\n\t\t\t\t\t\t<div class=\"elementor-container elementor-column-gap-default\">\n\t\t\t\t\t\t\t<div class=\"elementor-row\">\n\t\t\t\t\t<div class=\"elementor-column elementor-col-100 elementor-top-column elementor-element elementor-element-fd23385\" data-id=\"fd23385\" data-element_type=\"column\">\n\t\t\t<div class=\"elementor-column-wrap elementor-element-populated\">\n\t\t\t\t\t\t\t<div class=\"elementor-widget-wrap\">\n\t\t\t\t\t\t<div class=\"elementor-element elementor-element-733c1d4 elementor-widget elementor-widget-image\" data-id=\"733c1d4\" data-element_type=\"widget\" data-widget_type=\"image.default\">\n\t\t\t\t<div class=\"elementor-widget-container\">\n\t\t\t\t\t\t\t\t<div class=\"elementor-image\">\n\t\t\t\t\t\t\t\t\t\t\t\t<img loading=\"lazy\" decoding=\"async\" width=\"2048\" height=\"831\" src=\"https:\/\/clon.vinetconsulting.com\/wp-content\/uploads\/2020\/11\/banner-flyer-file-server-1-2048x831.jpg\" class=\"attachment-2048x2048 size-2048x2048\" alt=\"\" srcset=\"https:\/\/clon.vinetconsulting.com\/wp-content\/uploads\/2020\/11\/banner-flyer-file-server-1-2048x831.jpg 2048w, https:\/\/clon.vinetconsulting.com\/wp-content\/uploads\/2020\/11\/banner-flyer-file-server-1-600x243.jpg 600w, https:\/\/clon.vinetconsulting.com\/wp-content\/uploads\/2020\/11\/banner-flyer-file-server-1-300x122.jpg 300w, https:\/\/clon.vinetconsulting.com\/wp-content\/uploads\/2020\/11\/banner-flyer-file-server-1-1024x415.jpg 1024w, https:\/\/clon.vinetconsulting.com\/wp-content\/uploads\/2020\/11\/banner-flyer-file-server-1-768x312.jpg 768w, https:\/\/clon.vinetconsulting.com\/wp-content\/uploads\/2020\/11\/banner-flyer-file-server-1-1536x623.jpg 1536w\" sizes=\"auto, (max-width: 2048px) 100vw, 2048px\" \/>\t\t\t\t\t\t\t\t\t\t\t\t\t\t<\/div>\n\t\t\t\t\t\t<\/div>\n\t\t\t\t<\/div>\n\t\t\t\t\t\t<\/div>\n\t\t\t\t\t<\/div>\n\t\t<\/div>\n\t\t\t\t\t\t\t\t<\/div>\n\t\t\t\t\t<\/div>\n\t\t<\/section>\n\t\t\t\t<section class=\"elementor-section elementor-top-section elementor-element elementor-element-6d646f0 elementor-section-boxed elementor-section-height-default elementor-section-height-default\" data-id=\"6d646f0\" data-element_type=\"section\">\n\t\t\t\t\t\t<div class=\"elementor-container elementor-column-gap-default\">\n\t\t\t\t\t\t\t<div class=\"elementor-row\">\n\t\t\t\t\t<div class=\"elementor-column elementor-col-100 elementor-top-column elementor-element elementor-element-d5153e4\" data-id=\"d5153e4\" data-element_type=\"column\">\n\t\t\t<div class=\"elementor-column-wrap elementor-element-populated\">\n\t\t\t\t\t\t\t<div class=\"elementor-widget-wrap\">\n\t\t\t\t\t\t<section class=\"elementor-section elementor-inner-section elementor-element elementor-element-128f5d5 elementor-section-boxed elementor-section-height-default elementor-section-height-default\" data-id=\"128f5d5\" data-element_type=\"section\">\n\t\t\t\t\t\t<div class=\"elementor-container elementor-column-gap-default\">\n\t\t\t\t\t\t\t<div class=\"elementor-row\">\n\t\t\t\t\t<div class=\"elementor-column elementor-col-50 elementor-inner-column elementor-element elementor-element-2947e5d\" data-id=\"2947e5d\" data-element_type=\"column\">\n\t\t\t<div class=\"elementor-column-wrap elementor-element-populated\">\n\t\t\t\t\t\t\t<div class=\"elementor-widget-wrap\">\n\t\t\t\t\t\t<div class=\"elementor-element elementor-element-02b3417 elementor-widget elementor-widget-text-editor\" data-id=\"02b3417\" data-element_type=\"widget\" data-widget_type=\"text-editor.default\">\n\t\t\t\t<div class=\"elementor-widget-container\">\n\t\t\t\t\t\t\t\t<div class=\"elementor-text-editor elementor-clearfix\">\n\t\t\t\t\t<p><strong>VINET CONSULTORES TI \u2013 Divisi\u00f3n de Hosting \u2013<\/strong> se especializa en brindar servicios de Hospedaje Web, Servidores Dedicados y Colocaci\u00f3n de servidores con m\u00e1s de 20 a\u00f1os de experiencia.<\/p><p>Nuestros servicios se caracterizan por la atenci\u00f3n personalizada, estabilidad en nuestros servicios y por la b\u00fasqueda de la excelencia.<\/p><p>Nuestra trayectoria a lo largo de los a\u00f1os se ha orientado a facilitar y posicionar a empresas u organizaciones peruanas y latinoamericanas en Internet, volvi\u00e9ndonos apoyo constante en su crecimiento en el mundo inform\u00e1tico.<\/p><p>Durante la \u00faltima d\u00e9cada hemos fortalecido nuestros servicios, formando alianzas estrat\u00e9gicas con transnacionales, tales como HP, IBM, CISCO l\u00edderes en Networking y con empresas tales como Microsoft, Plesk y Kaspersky, l\u00edderes en plataformas inform\u00e1ticas y de seguridad.<\/p><p>NUESTRA INFRAESTRUCTURA:<\/p><p><strong>VINET CONSULTORES TI \u2013 Divisi\u00f3n de Hosting \u2013<\/strong> Administra infraestructura especializada para la colocaci\u00f3n de servidores, ubicados en Stragbourg \u2013 Francia (DataDock) y en St. Louis \u2013 EEUU (DataPort). Dichas instalaciones cuentan con Sistemas Eco-Amigables y control de Energ\u00eda Eficiente, cumpliendo con los altos est\u00e1ndares europeos.<\/p><p>NUESTRA CONECTIVIDAD:<\/p><p>En DataDock contamos con backbones de m\u00e1s de 400 Gbit\/s (Core backbone Frankfurt-Strasbourg, Deutsche Telekom, Cogent y otros ISPs) y en DataPort con m\u00e1s de 200 Gbit\/s (Cogent y Telia).<\/p><p>SEGURIDAD:<\/p><p><strong>VINET CONSULTORES TI \u2013 Divisi\u00f3n de Hosting \u2013<\/strong> se preocupa por la seguridad de la informaci\u00f3n, entendidos de la importancia de esta para el normal desenvolvimiento de una instituci\u00f3n, por lo que contamos con conceptos sofisticados de redundancia y bioseguridad y personal asignado 24\/7.<\/p>\t\t\t\t\t<\/div>\n\t\t\t\t\t\t<\/div>\n\t\t\t\t<\/div>\n\t\t\t\t<div class=\"elementor-element elementor-element-81adc08 elementor-widget elementor-widget-image\" data-id=\"81adc08\" data-element_type=\"widget\" data-widget_type=\"image.default\">\n\t\t\t\t<div class=\"elementor-widget-container\">\n\t\t\t\t\t\t\t\t<div class=\"elementor-image\">\n\t\t\t\t\t\t\t\t\t\t\t\t<img loading=\"lazy\" decoding=\"async\" width=\"640\" height=\"427\" src=\"https:\/\/clon.vinetconsulting.com\/wp-content\/uploads\/2020\/11\/womenTI.jpeg\" class=\"attachment-1536x1536 size-1536x1536\" alt=\"\" srcset=\"https:\/\/clon.vinetconsulting.com\/wp-content\/uploads\/2020\/11\/womenTI.jpeg 640w, https:\/\/clon.vinetconsulting.com\/wp-content\/uploads\/2020\/11\/womenTI-600x400.jpeg 600w, https:\/\/clon.vinetconsulting.com\/wp-content\/uploads\/2020\/11\/womenTI-300x200.jpeg 300w\" sizes=\"auto, (max-width: 640px) 100vw, 640px\" \/>\t\t\t\t\t\t\t\t\t\t\t\t\t\t<\/div>\n\t\t\t\t\t\t<\/div>\n\t\t\t\t<\/div>\n\t\t\t\t\t\t<\/div>\n\t\t\t\t\t<\/div>\n\t\t<\/div>\n\t\t\t\t<div class=\"elementor-column elementor-col-50 elementor-inner-column elementor-element elementor-element-91ac755\" data-id=\"91ac755\" data-element_type=\"column\">\n\t\t\t<div class=\"elementor-column-wrap elementor-element-populated\">\n\t\t\t\t\t\t\t<div class=\"elementor-widget-wrap\">\n\t\t\t\t\t\t<div class=\"elementor-element elementor-element-71d763c elementor-widget elementor-widget-text-editor\" data-id=\"71d763c\" data-element_type=\"widget\" data-widget_type=\"text-editor.default\">\n\t\t\t\t<div class=\"elementor-widget-container\">\n\t\t\t\t\t\t\t\t<div class=\"elementor-text-editor elementor-clearfix\">\n\t\t\t\t\t<p><strong>\u00bfPor qu\u00e9 nosotros?<\/strong><\/p>\n<p>Nuestros a\u00f1os de experiencia nos han ense\u00f1ado a localizar las necesidades de nuestros clientes, buscando soluciones que mantengan un equilibrio entre calidad, precio y flexibilidad, de forma que sus proyectos vean un buen horizonte, y esto se consigue con excelentes profesionales a cargo, infraestructura de \u00faltima generaci\u00f3n, hardware de marcas de conocida trayectoria y garant\u00eda y por supuesto, una conectividad r\u00e1pida y estable.<\/p>\n<p>Nuestros colaboradores profesionales y t\u00e9cnicos son cuentan con altos valores personales y profesionales e impecable \u00e9tica profesional. Valoramos la confidencialidad de la informaci\u00f3n por lo que velamos que los datos de nuestros clientes est\u00e9n protegidos.&nbsp;<\/p>\n<p><strong>\u00bfQu\u00e9 nos diferencia?<\/strong><\/p>\n<p><strong>VINET CONSULTORES TI \u2013 Divisi\u00f3n de Hosting \u2013<\/strong>&nbsp;Damos atenci\u00f3n personalizada, entendiendo que no todos nuestros clientes son especialistas inform\u00e1ticos, por lo que contamos con un \u00e1rea de soporte directa y asignada, para dar continuidad en las consultas o asesor\u00edas y velar que el servicio de hosting, servidor o colocaci\u00f3n sea bien utilizado por nuestros clientes, usando los distintos formatos tecnol\u00f3gicos para ello, tales como Escritorios remotos, Tickets y Video Asesor\u00eda.<\/p>\n<ul>\n<li>Somos una empresa s\u00f3lida estable y conformada legalmente en el pa\u00eds.<\/li>\n<li>No somos revendedores de servicios. Somos propietarios de los servidores ofrecidos, por lo que podemos velar por la administraci\u00f3n de estos, la seguridad y sobre todo garantizar un UPTIME 99.98%.<\/li>\n<li>No saturamos los servidores. Para hosting en servidores compartidos ponemos un l\u00edmite de sitios web para asegurar una buena performance y conectividad de estos. No vendemos servicios a granel, sino servicios de calidad.<\/li>\n<li>Poseemos sistemas anti-Spam propios y de monitoreo constante.<\/li>\n<li>Realizamos respaldos reales basados en servicios ACRONIS.<\/li>\n<li>Utilizamos tecnolog\u00edas RAID 1, Firewall Hardware y otros.<\/li>\n<li>Contamos con expertos en CentOS y Windows, para la administraci\u00f3n adecuada de los servidores, as\u00ed como personal destacado en los centros de colocaci\u00f3n para el soporte f\u00edsico, de ser necesario.<\/li>\n<li>No usamos paneles de control de hosting inseguros. Contamos con la herramienta m\u00e1s sofisticada para la administraci\u00f3n de los servicios de Hosting (Plesk), lo que respalda la seguridad de la informaci\u00f3n, uno de los activos m\u00e1s importantes de toda organizaci\u00f3n.<\/li><\/ul>\t\t\t\t\t<\/div>\n\t\t\t\t\t\t<\/div>\n\t\t\t\t<\/div>\n\t\t\t\t\t\t<\/div>\n\t\t\t\t\t<\/div>\n\t\t<\/div>\n\t\t\t\t\t\t\t\t<\/div>\n\t\t\t\t\t<\/div>\n\t\t<\/section>\n\t\t\t\t\t\t<\/div>\n\t\t\t\t\t<\/div>\n\t\t<\/div>\n\t\t\t\t\t\t\t\t<\/div>\n\t\t\t\t\t<\/div>\n\t\t<\/section>\n\t\t\t\t<section class=\"elementor-section elementor-top-section elementor-element elementor-element-c8e5e37 elementor-section-boxed elementor-section-height-default elementor-section-height-default\" data-id=\"c8e5e37\" data-element_type=\"section\">\n\t\t\t\t\t\t<div class=\"elementor-container elementor-column-gap-default\">\n\t\t\t\t\t\t\t<div class=\"elementor-row\">\n\t\t\t\t\t<div class=\"elementor-column elementor-col-100 elementor-top-column elementor-element elementor-element-bb67800\" data-id=\"bb67800\" data-element_type=\"column\">\n\t\t\t<div class=\"elementor-column-wrap elementor-element-populated\">\n\t\t\t\t\t\t\t<div class=\"elementor-widget-wrap\">\n\t\t\t\t\t\t<div class=\"elementor-element elementor-element-8cc0a9f elementor-widget elementor-widget-text-editor\" data-id=\"8cc0a9f\" data-element_type=\"widget\" data-widget_type=\"text-editor.default\">\n\t\t\t\t<div class=\"elementor-widget-container\">\n\t\t\t\t\t\t\t\t<div class=\"elementor-text-editor elementor-clearfix\">\n\t\t\t\t\t<p style=\"font-size: 15px; font-style: normal; font-weight: 400; text-align: justify;\">NUESTRO RESPALDO:<\/p><p style=\"font-size: 15px; font-style: normal; font-weight: 400; text-align: justify;\">Nuestro principal respaldo es la fidelidad de nuestros cientos de clientes, con m\u00e1s de 18 a\u00f1os de permanencia continua, su recomendaci\u00f3n constante es nuestra mejor carta de garant\u00eda.<\/p>\t\t\t\t\t<\/div>\n\t\t\t\t\t\t<\/div>\n\t\t\t\t<\/div>\n\t\t\t\t\t\t<\/div>\n\t\t\t\t\t<\/div>\n\t\t<\/div>\n\t\t\t\t\t\t\t\t<\/div>\n\t\t\t\t\t<\/div>\n\t\t<\/section>\n\t\t\t\t\t\t<\/div>\n\t\t\t\t\t\t<\/div>\n\t\t\t\t\t<\/div>\n\t\t","protected":false},"excerpt":{"rendered":"<p>+51 984 806 165 ventas@vinetconsulting.com Facebook-f Instagram Whatsapp VINET CONSULTORES TI \u2013 Divisi\u00f3n de Hosting \u2013 se especializa en brindar servicios de Hospedaje Web, Servidores Dedicados y Colocaci\u00f3n de servidores con m\u00e1s de 20 a\u00f1os de experiencia. Nuestros servicios se caracterizan por la atenci\u00f3n personalizada, estabilidad en nuestros servicios y por la b\u00fasqueda de la &hellip;<\/p>\n<p class=\"read-more\"> <a class=\"\" href=\"https:\/\/clon.vinetconsulting.com\/index.php\/quienes-somos-hosting\/\"> <span class=\"screen-reader-text\">Qui\u00e9nes somos &#8211; Hosting<\/span> Leer m\u00e1s &raquo;<\/a><\/p>\n","protected":false},"author":1,"featured_media":0,"parent":0,"menu_order":0,"comment_status":"closed","ping_status":"closed","template":"","meta":{"footnotes":""},"class_list":["post-132","page","type-page","status-publish","hentry"],"_links":{"self":[{"href":"https:\/\/clon.vinetconsulting.com\/index.php\/wp-json\/wp\/v2\/pages\/132","targetHints":{"allow":["GET"]}}],"collection":[{"href":"https:\/\/clon.vinetconsulting.com\/index.php\/wp-json\/wp\/v2\/pages"}],"about":[{"href":"https:\/\/clon.vinetconsulting.com\/index.php\/wp-json\/wp\/v2\/types\/page"}],"author":[{"embeddable":true,"href":"https:\/\/clon.vinetconsulting.com\/index.php\/wp-json\/wp\/v2\/users\/1"}],"replies":[{"embeddable":true,"href":"https:\/\/clon.vinetconsulting.com\/index.php\/wp-json\/wp\/v2\/comments?post=132"}],"version-history":[{"count":17,"href":"https:\/\/clon.vinetconsulting.com\/index.php\/wp-json\/wp\/v2\/pages\/132\/revisions"}],"predecessor-version":[{"id":301,"href":"https:\/\/clon.vinetconsulting.com\/index.php\/wp-json\/wp\/v2\/pages\/132\/revisions\/301"}],"wp:attachment":[{"href":"https:\/\/clon.vinetconsulting.com\/index.php\/wp-json\/wp\/v2\/media?parent=132"}],"curies":[{"name":"wp","href":"https:\/\/api.w.org\/{rel}","templated":true}]}}